{"id":8078,"date":"2025-03-27T15:00:51","date_gmt":"2025-03-27T14:00:51","guid":{"rendered":"https:\/\/hkaya.eu\/?page_id=8078"},"modified":"2025-04-04T16:14:40","modified_gmt":"2025-04-04T14:14:40","slug":"managed-hosting-host-beschermen-uitvoeren","status":"publish","type":"page","link":"https:\/\/hkaya.eu\/nl\/services\/hosting\/managed-hosting-host-protect-perform\/","title":{"rendered":"Beheerde hosting: Hosten. Beschermen. Presteren."},"content":{"rendered":"<div data-elementor-type=\"wp-page\" data-elementor-id=\"8078\" class=\"elementor elementor-8078\" data-elementor-post-type=\"page\">\n\t\t\t\t<div class=\"elementor-element elementor-element-c689b55 e-con-full e-flex e-con e-parent\" data-id=\"c689b55\" data-element_type=\"container\" data-e-type=\"container\">\n\t\t\t\t<div class=\"elementor-element elementor-element-340b61e elementor-widget-divider--view-line_text elementor-widget-divider--element-align-right elementor-widget elementor-widget-divider\" data-id=\"340b61e\" data-element_type=\"widget\" data-e-type=\"widget\" data-widget_type=\"divider.default\">\n\t\t\t\t\t\t\t<div class=\"elementor-divider\">\n\t\t\t<span class=\"elementor-divider-separator\">\n\t\t\t\t\t\t\t<span class=\"elementor-divider__text elementor-divider__element\">\n\t\t\t\tBeheerde hosting: Hosten. Beschermen. Presteren.\t\t\t\t<\/span>\n\t\t\t\t\t\t<\/span>\n\t\t<\/div>\n\t\t\t\t\t\t<\/div>\n\t\t\t\t<div class=\"elementor-element elementor-element-a021f52 elementor-widget elementor-widget-heading\" data-id=\"a021f52\" data-element_type=\"widget\" data-e-type=\"widget\" data-widget_type=\"heading.default\">\n\t\t\t\t\t<h1 class=\"elementor-heading-title elementor-size-default\">Wij zorgen voor de technische kant, zodat jij je kunt richten op het delen van je idee\u00ebn en het laten groeien van je bedrijf.<\/h1>\t\t\t\t<\/div>\n\t\t\t\t<\/div>\n\t\t<div class=\"elementor-element elementor-element-dcb6693 e-con-full e-flex e-con e-parent\" data-id=\"dcb6693\" data-element_type=\"container\" data-e-type=\"container\">\n\t\t<div class=\"elementor-element elementor-element-421ec0f e-con-full e-flex e-con e-child\" data-id=\"421ec0f\" data-element_type=\"container\" data-e-type=\"container\">\n\t\t<div class=\"elementor-element elementor-element-06a8af4 e-con-full elementor-hidden-mobile e-flex e-con e-child\" data-id=\"06a8af4\" data-element_type=\"container\" data-e-type=\"container\">\n\t\t\t\t<\/div>\n\t\t<div class=\"elementor-element elementor-element-bc2e71d e-con-full e-flex e-con e-child\" data-id=\"bc2e71d\" data-element_type=\"container\" data-e-type=\"container\">\n\t\t\t\t<div class=\"elementor-element elementor-element-e5a9b32 elementor-widget elementor-widget-text-editor\" data-id=\"e5a9b32\" data-element_type=\"widget\" data-e-type=\"widget\" data-widget_type=\"text-editor.default\">\n\t\t\t\t\t\t\t\t\t<p class=\"p1\">Bent u een niet-technische bedrijfseigenaar of blogger die gewoon een soepele, zorgeloze online aanwezigheid wil? Onze dienst Managed Hosting &amp; Website Support is op maat gemaakt voor jou. Wij zorgen voor elk aspect van uw website-hosting, beveiliging, content-updates en meer, zodat u dat niet hoeft te doen. Als je ooit vastzit of onzeker bent, zijn we er om je stap voor stap te helpen. Van het toevoegen van nieuwe producten aan je winkel tot het bijwerken van je blogberichten, zie ons als je persoonlijke website-assistent.<\/p>\t\t\t\t\t\t\t\t<\/div>\n\t\t\t\t<\/div>\n\t\t\t\t<\/div>\n\t\t\t\t<\/div>\n\t\t<div class=\"elementor-element elementor-element-55ea22a1 e-flex e-con-boxed e-con e-parent\" data-id=\"55ea22a1\" data-element_type=\"container\" data-e-type=\"container\">\n\t\t\t\t\t<div class=\"e-con-inner\">\n\t\t\t\t<div class=\"elementor-element elementor-element-57cd81ca elementor-widget elementor-widget-text-editor\" data-id=\"57cd81ca\" data-element_type=\"widget\" data-e-type=\"widget\" data-widget_type=\"text-editor.default\">\n\t\t\t\t\t\t\t\t\t\n<p class=\"p3\"><b>Wat je krijgt\u00a0<\/b><b><\/b><\/p>\n<p class=\"p4\">- <span class=\"s1\"><b>Geen technische hoofdpijn<\/b><\/span>: Ik help je om je website bij te werken, veilig te houden en alle achter de schermen te regelen.<\/p>\n<p class=\"p4\">- <span class=\"s1\"><b>Persoonlijke ondersteuning<\/b><\/span>: Krijg antwoord op je vragen met \u00e9\u00e9n-op-\u00e9\u00e9n online vergaderingen.<\/p>\n<p class=\"p4\">- <span class=\"s1\"><b>Eenvoudig onderhoud<\/b><\/span>: Heb je hulp nodig bij het toevoegen van inhoud of het aanbrengen van wijzigingen? Ik kan je helpen.<\/p>\n<p class=\"p4\">- <span class=\"s1\"><b>Vaste prijs<\/b><\/span>: Geen onverwachte kosten - alleen een duidelijk maandelijks of jaarlijks bedrag.<\/p>\n<p class=\"p3\"><b>Aan de slag<\/b><b><\/b><\/p>\n<p class=\"p1\">Laten we jouw online reis moeiteloos maken. Neem contact met me op voor een <span class=\"s1\"><b>vrijblijvende offerte<\/b><\/span> en ontdek hoe ik je bij elke stap kan ondersteunen.<\/p>\n\t\t\t\t\t\t\t\t<\/div>\n\t\t\t\t<div class=\"elementor-element elementor-element-2c3d290 elementor-widget elementor-widget-text-editor\" data-id=\"2c3d290\" data-element_type=\"widget\" data-e-type=\"widget\" data-widget_type=\"text-editor.default\">\n\t\t\t\t\t\t\t\t\t\n<p class=\"p1\">Een van de grootste voordelen van dit plan is de consistente, vriendelijke ondersteuning tegen een vaste prijs. Heb je hulp nodig bij het instellen van een nieuwe functie of bij het toevoegen van afbeeldingen aan je galerij? We helpen je er doorheen of regelen het voor je. We plannen zelfs online vergaderingen om al je vragen te beantwoorden, zodat je je bedrijf kunt laten groeien zonder je zorgen te maken over de \"technische dingen\". Het gaat er allemaal om jouw online reis zo moeiteloos mogelijk te maken, zodat jij je kunt richten op wat het belangrijkst is: het delen van je passie en het contact maken met je publiek.<\/p>\n\t\t\t\t\t\t\t\t<\/div>\n\t\t\t\t\t<\/div>\n\t\t\t\t<\/div>\n\t\t<div class=\"elementor-element elementor-element-8bf509e e-con-full e-flex e-con e-parent\" data-id=\"8bf509e\" data-element_type=\"container\" data-e-type=\"container\">\n\t\t\t\t<div class=\"elementor-element elementor-element-f093612 elementor-widget elementor-widget-template\" data-id=\"f093612\" data-element_type=\"widget\" data-e-type=\"widget\" data-widget_type=\"template.default\">\n\t\t\t\t<div class=\"elementor-widget-container\">\n\t\t\t\t\t\t\t<div class=\"elementor-template\">\n\t\t\t\t\t<div data-elementor-type=\"container\" data-elementor-id=\"8312\" class=\"elementor elementor-8312\" data-elementor-post-type=\"elementor_library\">\n\t\t\t\t<div class=\"elementor-element elementor-element-4e46e188 e-con-full e-flex e-con e-child\" data-id=\"4e46e188\" data-element_type=\"container\" data-e-type=\"container\">\n\t\t\t\t<div class=\"elementor-element elementor-element-19a1c15a elementor-widget-divider--view-line_text elementor-widget-divider--element-align-right elementor-widget elementor-widget-divider\" data-id=\"19a1c15a\" data-element_type=\"widget\" data-e-type=\"widget\" data-widget_type=\"divider.default\">\n\t\t\t\t\t\t\t<div class=\"elementor-divider\">\n\t\t\t<span class=\"elementor-divider-separator\">\n\t\t\t\t\t\t\t<span class=\"elementor-divider__text elementor-divider__element\">\n\t\t\t\tMijn cloudservices\t\t\t\t<\/span>\n\t\t\t\t\t\t<\/span>\n\t\t<\/div>\n\t\t\t\t\t\t<\/div>\n\t\t\t\t<div class=\"elementor-element elementor-element-23078d09 elementor-widget__width-initial elementor-widget elementor-widget-heading\" data-id=\"23078d09\" data-element_type=\"widget\" data-e-type=\"widget\" data-widget_type=\"heading.default\">\n\t\t\t\t\t<h3 class=\"elementor-heading-title elementor-size-default\">Hosting en servers<\/h3>\t\t\t\t<\/div>\n\t\t<div class=\"elementor-element elementor-element-66df05a e-con-full e-flex elementor-invisible e-con e-child\" data-id=\"66df05a\" data-element_type=\"container\" data-e-type=\"container\" data-settings=\"{&quot;animation&quot;:&quot;fadeInUp&quot;,&quot;animation_delay&quot;:100}\">\n\t\t\t\t<div class=\"elementor-element elementor-element-5d7075e elementor-widget elementor-widget-heading\" data-id=\"5d7075e\" data-element_type=\"widget\" data-e-type=\"widget\" data-widget_type=\"heading.default\">\n\t\t\t\t\t<span class=\"elementor-heading-title elementor-size-default\"><a href=\"\/nl\/diensten\/hosting\/veilige-hosting-ondersteuning-stabiliteit-eenvoud\/\">Ondersteuning. Focus. Groei.<\/a><\/span>\t\t\t\t<\/div>\n\t\t\t\t<div class=\"elementor-element elementor-element-3e9694a4 elementor-widget elementor-widget-ucaddon_underline_link_hover_effect\" data-id=\"3e9694a4\" data-element_type=\"widget\" data-e-type=\"widget\" data-widget_type=\"ucaddon_underline_link_hover_effect.default\">\n\t\t\t\t<div class=\"elementor-widget-container\">\n\t\t\t\t\t\n<!-- start Underline Link Hover Effect -->\n<style>\/* widget: Underline Link Hover Effect *\/\n\n#uc_underline_link_hover_effect_elementor_3e9694a4 {\n  display: flex;\n  position: relative;\n  align-items: center;\n  justify-content: center;\n  text-decoration: none;\n}\n\n\/* Underline effect using a pseudo-element *\/\n#uc_underline_link_hover_effect_elementor_3e9694a4:after {\n  content: \"\";\n    width: 100%;\n    position: absolute;\n  bottom: 0px;\n    left: 0px;\n    display: block;\n  transition: 1s;\n}\n\n\/* Hover state for the underline effect *\/\n#uc_underline_link_hover_effect_elementor_3e9694a4:hover:after {\n    width: 0%;\n  }\n\n\/* Style for the link text with spacing *\/\n#uc_underline_link_hover_effect_elementor_3e9694a4 .ue-link-hover-effect-text {\n  padding: 10px 0;\n  margin-right: 0.5em; \/* Adjust the spacing as needed *\/\n}\n\n\/* Style for the icon with spacing *\/\n#uc_underline_link_hover_effect_elementor_3e9694a4 .ue-link-hover-effect-icon {\n  line-height: 1em;\n  transition: 1s;\n  \/* Alternatively, you can use margin-left here instead *\/\n  \/* margin-left: 0.5em; *\/\n}\n\n#uc_underline_link_hover_effect_elementor_3e9694a4 .ue-link-hover-effect-icon svg {\n  height: 1em;\n  width: 1em;\n}\n\n<\/style>\n\n<a id=\"uc_underline_link_hover_effect_elementor_3e9694a4\" class=\"ue-link\" href=\"\/nl\/diensten\/hosting\/veilige-hosting-ondersteuning-stabiliteit-eenvoud\/\" >\n  <span class=\"ue-link-hover-effect-text\">Veilige hosting<\/span>\n  <span class=\"ue-link-hover-effect-icon\"><i class='fas fa-arrow-right'><\/i><\/span>\n<\/a>\n<!-- end Underline Link Hover Effect -->\t\t\t\t<\/div>\n\t\t\t\t<\/div>\n\t\t\t\t<\/div>\n\t\t<div class=\"elementor-element elementor-element-4b5a58c2 e-con-full e-flex elementor-invisible e-con e-child\" data-id=\"4b5a58c2\" data-element_type=\"container\" data-e-type=\"container\" data-settings=\"{&quot;animation&quot;:&quot;fadeInUp&quot;,&quot;animation_delay&quot;:150}\">\n\t\t\t\t<div class=\"elementor-element elementor-element-45163fc1 elementor-widget elementor-widget-heading\" data-id=\"45163fc1\" data-element_type=\"widget\" data-e-type=\"widget\" data-widget_type=\"heading.default\">\n\t\t\t\t\t<span class=\"elementor-heading-title elementor-size-default\"><a href=\"\/nl\/diensten\/hosting\/managed-hosting-host-beschermen-uitvoeren\/\">Host. Bescherm. Presteer.<\/a><\/span>\t\t\t\t<\/div>\n\t\t\t\t<div class=\"elementor-element elementor-element-57edf494 elementor-widget elementor-widget-ucaddon_underline_link_hover_effect\" data-id=\"57edf494\" data-element_type=\"widget\" data-e-type=\"widget\" data-widget_type=\"ucaddon_underline_link_hover_effect.default\">\n\t\t\t\t<div class=\"elementor-widget-container\">\n\t\t\t\t\t\n<!-- start Underline Link Hover Effect -->\n<style>\/* widget: Underline Link Hover Effect *\/\n\n#uc_underline_link_hover_effect_elementor_57edf494 {\n  display: flex;\n  position: relative;\n  align-items: center;\n  justify-content: center;\n  text-decoration: none;\n}\n\n\/* Underline effect using a pseudo-element *\/\n#uc_underline_link_hover_effect_elementor_57edf494:after {\n  content: \"\";\n    width: 100%;\n    position: absolute;\n  bottom: 0px;\n    left: 0px;\n    display: block;\n  transition: 1s;\n}\n\n\/* Hover state for the underline effect *\/\n#uc_underline_link_hover_effect_elementor_57edf494:hover:after {\n    width: 0%;\n  }\n\n\/* Style for the link text with spacing *\/\n#uc_underline_link_hover_effect_elementor_57edf494 .ue-link-hover-effect-text {\n  padding: 10px 0;\n  margin-right: 0.5em; \/* Adjust the spacing as needed *\/\n}\n\n\/* Style for the icon with spacing *\/\n#uc_underline_link_hover_effect_elementor_57edf494 .ue-link-hover-effect-icon {\n  line-height: 1em;\n  transition: 1s;\n  \/* Alternatively, you can use margin-left here instead *\/\n  \/* margin-left: 0.5em; *\/\n}\n\n#uc_underline_link_hover_effect_elementor_57edf494 .ue-link-hover-effect-icon svg {\n  height: 1em;\n  width: 1em;\n}\n\n<\/style>\n\n<a id=\"uc_underline_link_hover_effect_elementor_57edf494\" class=\"ue-link\" href=\"\/nl\/diensten\/hosting\/managed-hosting-host-beschermen-uitvoeren\/\" >\n  <span class=\"ue-link-hover-effect-text\">Beheerd Hosting<\/span>\n  <span class=\"ue-link-hover-effect-icon\"><i class='fas fa-arrow-right'><\/i><\/span>\n<\/a>\n<!-- end Underline Link Hover Effect -->\t\t\t\t<\/div>\n\t\t\t\t<\/div>\n\t\t\t\t<\/div>\n\t\t<div class=\"elementor-element elementor-element-9e6788a e-con-full e-flex elementor-invisible e-con e-child\" data-id=\"9e6788a\" data-element_type=\"container\" data-e-type=\"container\" data-settings=\"{&quot;animation&quot;:&quot;fadeInUp&quot;,&quot;animation_delay&quot;:200}\">\n\t\t\t\t<div class=\"elementor-element elementor-element-269e3ee1 elementor-widget elementor-widget-heading\" data-id=\"269e3ee1\" data-element_type=\"widget\" data-e-type=\"widget\" data-widget_type=\"heading.default\">\n\t\t\t\t\t<span class=\"elementor-heading-title elementor-size-default\"><a href=\"\/nl\/diensten\/hosting\/beheerde-servers-power-freedom-betrouwbaarheid\/\">Versnel. Focus. Overtref.<\/a><\/span>\t\t\t\t<\/div>\n\t\t\t\t<div class=\"elementor-element elementor-element-353be9e7 elementor-widget elementor-widget-ucaddon_underline_link_hover_effect\" data-id=\"353be9e7\" data-element_type=\"widget\" data-e-type=\"widget\" data-widget_type=\"ucaddon_underline_link_hover_effect.default\">\n\t\t\t\t<div class=\"elementor-widget-container\">\n\t\t\t\t\t\n<!-- start Underline Link Hover Effect -->\n<style>\/* widget: Underline Link Hover Effect *\/\n\n#uc_underline_link_hover_effect_elementor_353be9e7 {\n  display: flex;\n  position: relative;\n  align-items: center;\n  justify-content: center;\n  text-decoration: none;\n}\n\n\/* Underline effect using a pseudo-element *\/\n#uc_underline_link_hover_effect_elementor_353be9e7:after {\n  content: \"\";\n    width: 100%;\n    position: absolute;\n  bottom: 0px;\n    left: 0px;\n    display: block;\n  transition: 1s;\n}\n\n\/* Hover state for the underline effect *\/\n#uc_underline_link_hover_effect_elementor_353be9e7:hover:after {\n    width: 0%;\n  }\n\n\/* Style for the link text with spacing *\/\n#uc_underline_link_hover_effect_elementor_353be9e7 .ue-link-hover-effect-text {\n  padding: 10px 0;\n  margin-right: 0.5em; \/* Adjust the spacing as needed *\/\n}\n\n\/* Style for the icon with spacing *\/\n#uc_underline_link_hover_effect_elementor_353be9e7 .ue-link-hover-effect-icon {\n  line-height: 1em;\n  transition: 1s;\n  \/* Alternatively, you can use margin-left here instead *\/\n  \/* margin-left: 0.5em; *\/\n}\n\n#uc_underline_link_hover_effect_elementor_353be9e7 .ue-link-hover-effect-icon svg {\n  height: 1em;\n  width: 1em;\n}\n\n<\/style>\n\n<a id=\"uc_underline_link_hover_effect_elementor_353be9e7\" class=\"ue-link\" href=\"\/nl\/diensten\/hosting\/beheerde-servers-power-freedom-betrouwbaarheid\/\" >\n  <span class=\"ue-link-hover-effect-text\">Beheerde servers<\/span>\n  <span class=\"ue-link-hover-effect-icon\"><i class='fas fa-arrow-right'><\/i><\/span>\n<\/a>\n<!-- end Underline Link Hover Effect -->\t\t\t\t<\/div>\n\t\t\t\t<\/div>\n\t\t\t\t<\/div>\n\t\t\t\t<\/div>\n\t\t\t\t<\/div>\n\t\t\t\t<\/div>\n\t\t\t\t\t\t<\/div>\n\t\t\t\t<\/div>\n\t\t\t\t<\/div>\n\t\t\t\t<\/div>","protected":false},"excerpt":{"rendered":"<p>We handle the technical side so you can focus on sharing your ideas and growing your business. Are you a non-technical business owner or blogger who just wants a smooth, worry-free online presence? Our Managed Hosting &amp; Website Support service is tailored for you. We take care of every aspect of your website\u2014hosting, security, content [&hellip;]<\/p>\n","protected":false},"author":1,"featured_media":7759,"parent":6756,"menu_order":0,"comment_status":"closed","ping_status":"closed","template":"","meta":{"_acf_changed":false,"footnotes":""},"class_list":["post-8078","page","type-page","status-publish","has-post-thumbnail","hentry"],"acf":[],"_links":{"self":[{"href":"https:\/\/hkaya.eu\/nl\/wp-json\/wp\/v2\/pages\/8078","targetHints":{"allow":["GET"]}}],"collection":[{"href":"https:\/\/hkaya.eu\/nl\/wp-json\/wp\/v2\/pages"}],"about":[{"href":"https:\/\/hkaya.eu\/nl\/wp-json\/wp\/v2\/types\/page"}],"author":[{"embeddable":true,"href":"https:\/\/hkaya.eu\/nl\/wp-json\/wp\/v2\/users\/1"}],"replies":[{"embeddable":true,"href":"https:\/\/hkaya.eu\/nl\/wp-json\/wp\/v2\/comments?post=8078"}],"version-history":[{"count":5,"href":"https:\/\/hkaya.eu\/nl\/wp-json\/wp\/v2\/pages\/8078\/revisions"}],"predecessor-version":[{"id":8359,"href":"https:\/\/hkaya.eu\/nl\/wp-json\/wp\/v2\/pages\/8078\/revisions\/8359"}],"up":[{"embeddable":true,"href":"https:\/\/hkaya.eu\/nl\/wp-json\/wp\/v2\/pages\/6756"}],"wp:featuredmedia":[{"embeddable":true,"href":"https:\/\/hkaya.eu\/nl\/wp-json\/wp\/v2\/media\/7759"}],"wp:attachment":[{"href":"https:\/\/hkaya.eu\/nl\/wp-json\/wp\/v2\/media?parent=8078"}],"curies":[{"name":"wp","href":"https:\/\/api.w.org\/{rel}","templated":true}]}}